{"id":2013,"date":"2015-01-15T10:42:33","date_gmt":"2015-01-15T10:42:33","guid":{"rendered":"http:\/\/pet-rescue.cmsmasters.net\/?page_id=2013"},"modified":"2025-02-08T11:04:11","modified_gmt":"2025-02-08T09:04:11","slug":"contacts","status":"publish","type":"page","link":"https:\/\/greydogs.ee\/2015\/contacts\/","title":{"rendered":"Kontakt\/\u041a\u043e\u043d\u0442\u0430\u043a\u0442"},"content":{"rendered":"<style type=\"text\/css\"> \n#cmsms_row_69df2644a71134_97826672 { \n\tbackground-color:#ffffff; background-color:rgba(255, 255, 255, 1);\n} \n\n#cmsms_row_69df2644a71134_97826672 .cmsms_row_outer_parent { \n\tpadding-top: 50px; \n} \n\n#cmsms_row_69df2644a71134_97826672 .cmsms_row_outer_parent { \n\tpadding-bottom: 50px; \n} \n\n \n#cmsms_heading_69df2644a71a75_97632315 { \n\ttext-align:left; \n\tmargin-top:0px; \n\tmargin-bottom:20px; \n} \n\n#cmsms_heading_69df2644a71a75_97632315 .cmsms_heading { \n\ttext-align:left; \n} \n\n#cmsms_heading_69df2644a71a75_97632315 .cmsms_heading, #cmsms_heading_69df2644a71a75_97632315 .cmsms_heading a { \n\tfont-weight:bold; \n\tfont-style:normal; \n} \n\n#cmsms_heading_69df2644a71a75_97632315 .cmsms_heading_divider { \n} \n\n \n#cmsms_divider_69df2644a79697_87262776 { \n\tborder-bottom-width:0px; \n\tborder-bottom-style:solid; \n\tpadding-top:20px; \n\tmargin-bottom:0px; \n\tborder-bottom-color:#ffffff; border-bottom-color:rgba(255, 255, 255, 1);\n} \n<\/style><div id=\"cmsms_row_69df2644a71134_97826672\" class=\"cmsms_row cmsms_color_scheme_default\">\n<div class=\"cmsms_row_outer_parent\">\n<div class=\"cmsms_row_outer\">\n<div class=\"cmsms_row_inner\">\n<div class=\"cmsms_row_margin\">\n<div class=\"cmsms_column one_half\">\n\n<div id=\"cmsms_heading_69df2644a71a75_97632315\" class=\"cmsms_heading_wrap cmsms_heading_align_left\">\n\t<h3 class=\"cmsms_heading\">Kontakt\/\u041a\u043e\u043d\u0442\u0430\u043a\u0442<\/h3>\n<\/div><div class=\"cmsms_text\">\n<div class=\"wpcf7 no-js\" id=\"wpcf7-f3986-o1\" lang=\"et\" dir=\"ltr\" data-wpcf7-id=\"3986\">\n<div class=\"screen-reader-response\"><p role=\"status\" aria-live=\"polite\" aria-atomic=\"true\"><\/p> <ul><\/ul><\/div>\n<form action=\"\/2015\/wp-json\/wp\/v2\/pages\/2013#wpcf7-f3986-o1\" method=\"post\" class=\"wpcf7-form init\" aria-label=\"Contact form\" novalidate=\"novalidate\" data-status=\"init\">\n<fieldset class=\"hidden-fields-container\"><input type=\"hidden\" name=\"_wpcf7\" value=\"3986\" \/><input type=\"hidden\" name=\"_wpcf7_version\" value=\"6.1.5\" \/><input type=\"hidden\" name=\"_wpcf7_locale\" value=\"et\" \/><input type=\"hidden\" name=\"_wpcf7_unit_tag\" value=\"wpcf7-f3986-o1\" \/><input type=\"hidden\" name=\"_wpcf7_container_post\" value=\"0\" \/><input type=\"hidden\" name=\"_wpcf7_posted_data_hash\" value=\"\" \/><input type=\"hidden\" name=\"_wpcf7_recaptcha_response\" value=\"\" \/>\n<\/fieldset>\n<p>Nimi\/\u0418\u043c\u044f (n\u00f5utav\/\u043e\u0431\u044f\u0437\u0430\u0442\u0435\u043b\u044c\u043d\u043e)\n<\/p>\n<p><span class=\"wpcf7-form-control-wrap\" data-name=\"your-name\"><input size=\"40\" maxlength=\"400\" class=\"wpcf7-form-control wpcf7-text wpcf7-validates-as-required\" aria-required=\"true\" aria-invalid=\"false\" value=\"\" type=\"text\" name=\"your-name\" \/><\/span>\n<\/p>\n<p>Email\/\u0415\u043c\u0435\u0439\u043b (n\u00f5utav\/\u043e\u0431\u044f\u0437\u0430\u0442\u0435\u043b\u044c\u043d\u043e)\n<\/p>\n<p><span class=\"wpcf7-form-control-wrap\" data-name=\"your-email\"><input size=\"40\" maxlength=\"400\" class=\"wpcf7-form-control wpcf7-email wpcf7-validates-as-required wpcf7-text wpcf7-validates-as-email\" aria-required=\"true\" aria-invalid=\"false\" value=\"\" type=\"email\" name=\"your-email\" \/><\/span>\n<\/p>\n<p>Teema\/\u0422\u0435\u043c\u0430\n<\/p>\n<p><span class=\"wpcf7-form-control-wrap\" data-name=\"your-subject\"><input size=\"40\" maxlength=\"400\" class=\"wpcf7-form-control wpcf7-text\" aria-invalid=\"false\" value=\"\" type=\"text\" name=\"your-subject\" \/><\/span>\n<\/p>\n<p>Teade\/C\u043e\u043e\u0431\u0449\u0435\u043d\u0438\u0435\n<\/p>\n<p><span class=\"wpcf7-form-control-wrap\" data-name=\"your-message\"><textarea cols=\"40\" rows=\"10\" maxlength=\"2000\" class=\"wpcf7-form-control wpcf7-textarea\" aria-invalid=\"false\" name=\"your-message\"><\/textarea><\/span>\n<\/p>\n<p><input class=\"wpcf7-form-control wpcf7-submit has-spinner\" type=\"submit\" value=\"Saada\/\u041e\u0442\u043e\u0441\u043b\u0430\u0442\u044c\" \/>\n<\/p><div class=\"wpcf7-response-output\" aria-hidden=\"true\"><\/div>\n<\/form>\n<\/div>\n<\/div>\n<\/div>\n<div class=\"cmsms_column one_half\">\n\n<div id=\"cmsms_divider_69df2644a79697_87262776\" class=\"cl\"><\/div>\n<div class=\"custom_html\">\n<iframe loading=\"lazy\" src=\"https:\/\/www.google.com\/maps\/embed?pb=!1m18!1m12!1m3!1d2031.0970624481527!2d27.25553511607128!3d59.398093081682866!2m3!1f0!2f0!3f0!3m2!1i1024!2i768!4f13.1!3m3!1m2!1s0x4694709d3a9c521d%3A0xc8109865d75a191!2sLoomade%20Varjupaik%20Grey%20Dogs%20MT%C3%9C!5e0!3m2!1set!2see!4v1607684523450!5m2!1set!2see\" width=\"600\" height=\"450\" frameborder=\"0\" style=\"border:0;\" allowfullscreen=\"\" aria-hidden=\"false\" tabindex=\"0\"><\/iframe>\n<\/div>\n<div class=\"cmsms_text\">\n<table class=\"joomlatable\" style=\"height: 190px;\" border=\"0\" width=\"284\" cellspacing=\"0\" cellpadding=\"0\">\n<tbody>\n<tr>\n<td width=\"60\"><strong>Oleme lahti:<\/strong><\/td>\n<td>E-R 14:00-17:00<\/p>\n<p>L-P ja p\u00fchad 13:00-14:00<\/td>\n<\/tr>\n<tr>\n<td width=\"60\"><strong>Info ja p\u00fc\u00fck:<\/strong><\/td>\n<td>Telefon vastab ning loomade p\u00fc\u00fck toimub t\u00f6\u00f6p\u00e4eadel 9:00- 17:00. Muul ajal palume p\u00f6\u00f6rduda tel. numbril 112<\/p>\n<p>\u0427\u0430\u0441\u044b \u043f\u043e\u0441\u0435\u0449\u0435\u043d\u0438\u044f \u043f\u043e \u0440\u0430\u0431\u043e\u0447\u0438\u043c \u0434\u043d\u044f\u043c \u0441 14:00 &#8211; 17:00 \u0438 \u043f\u043e \u0432\u044b\u0445\u043e\u0434\u043d\u044b\u043c, \u0438 \u043f\u0440\u0430\u0437\u0434\u043d\u0438\u0447\u043d\u044b\u043c \u0434\u043d\u044f\u043c \u0441 13:00 \u00a0&#8211; 14:00<br \/>\n\u041e\u0442\u043b\u043e\u0432\u044b \u043e\u0441\u0443\u0449\u0435\u0441\u0442\u0432\u043b\u044f\u044e\u0442\u0441\u044f \u043f\u043e \u0440\u0430\u0431\u043e\u0447\u0438\u043c \u0434\u043d\u044f\u043c \u0441 9:00 \u0434\u043e 17:00. \u0412\u044b\u0434\u0430\u0447\u0430 \u0438\u043d\u0444\u043e\u0440\u043c\u0430\u0446\u0438\u0438 \u043f\u043e \u0442\u0435\u043b\u0435\u0444\u043e\u043d\u0430\u043c \u0441 9:00 &#8211; 17:00<\/p>\n<p><span style=\"font-family: inherit; font-size: inherit;\">\u0412 \u043d\u0435\u0440\u0430\u0431\u043e\u0447\u0435\u0435 \u0432\u0440\u0435\u043c\u044f \u00a0\u044d\u043a\u0441\u0442\u0440\u0435\u043d\u043d\u044b\u0435 \u0432\u044b\u0437\u043e\u0432\u044b \u043e\u0441\u0443\u0449\u0435\u0441\u0442\u0432\u043b\u044f\u044e\u0442\u0441\u044f \u0447\u0435\u0440\u0435\u0437 \u00a0\u0441\u043b\u0443\u0436\u0431\u0443 112\u00a0<\/span><\/td>\n<\/tr>\n<tr>\n<td width=\"60\"><strong>Aadress:<\/strong><\/td>\n<td>Tehnika p\u00f5ik 3,<br \/>\nKohtla-J\u00e4rve,<br \/>\nIda-Virumaa<\/td>\n<\/tr>\n<tr>\n<td width=\"60\"><strong>E-mail:<\/strong><\/td>\n<td><a href=\"mailto:greydogs2000@mail.ru\">greydogs2000@mail.ru<\/a><\/td>\n<\/tr>\n<tr>\n<td width=\"60\"><\/td>\n<td><\/td>\n<\/tr>\n<tr>\n<td width=\"60\"><strong>Mobiil:<\/strong><\/td>\n<td>5023741 (vene keelne).<\/p>\n<p>58018486 ( eesti keelne)<\/td>\n<\/tr>\n<tr>\n<td width=\"60\"><strong>Veeb:<\/strong><\/td>\n<td><a href=\"http:\/\/www.greydogs.ee\/\" target=\"_blank\" rel=\"noopener noreferrer\">http:\/\/www.greydogs.ee<\/a><\/td>\n<\/tr>\n<\/tbody>\n<\/table>\n<\/div>\n<\/div>\n<\/div>\n<\/div>\n<\/div>\n<\/div>\n<\/div>\n\n","protected":false},"excerpt":{"rendered":"","protected":false},"author":1,"featured_media":0,"parent":0,"menu_order":0,"comment_status":"closed","ping_status":"open","template":"","meta":{"footnotes":""},"class_list":["post-2013","page","type-page","status-publish","hentry"],"_links":{"self":[{"href":"https:\/\/greydogs.ee\/2015\/wp-json\/wp\/v2\/pages\/2013","targetHints":{"allow":["GET"]}}],"collection":[{"href":"https:\/\/greydogs.ee\/2015\/wp-json\/wp\/v2\/pages"}],"about":[{"href":"https:\/\/greydogs.ee\/2015\/wp-json\/wp\/v2\/types\/page"}],"author":[{"embeddable":true,"href":"https:\/\/greydogs.ee\/2015\/wp-json\/wp\/v2\/users\/1"}],"replies":[{"embeddable":true,"href":"https:\/\/greydogs.ee\/2015\/wp-json\/wp\/v2\/comments?post=2013"}],"version-history":[{"count":8,"href":"https:\/\/greydogs.ee\/2015\/wp-json\/wp\/v2\/pages\/2013\/revisions"}],"predecessor-version":[{"id":167025,"href":"https:\/\/greydogs.ee\/2015\/wp-json\/wp\/v2\/pages\/2013\/revisions\/167025"}],"wp:attachment":[{"href":"https:\/\/greydogs.ee\/2015\/wp-json\/wp\/v2\/media?parent=2013"}],"curies":[{"name":"wp","href":"https:\/\/api.w.org\/{rel}","templated":true}]}}