{"id":100035,"date":"2015-12-27T16:38:40","date_gmt":"2015-12-27T16:38:40","guid":{"rendered":"http:\/\/greydogs.ee\/2015\/?page_id=100035"},"modified":"2019-04-08T18:09:03","modified_gmt":"2019-04-08T16:09:03","slug":"loomade-nimel","status":"publish","type":"page","link":"https:\/\/greydogs.ee\/2015\/loomade-nimel\/","title":{"rendered":"Loomade nimel!"},"content":{"rendered":"<style type=\"text\/css\"> \n#cmsms_row_69ef6c702a4266_59344618 .cmsms_row_outer_parent { \n\tpadding-top: 0px; \n} \n\n#cmsms_row_69ef6c702a4266_59344618 .cmsms_row_outer_parent { \n\tpadding-bottom: 50px; \n} \n\n \n#cmsms_divider_69ef6c702a4743_43444089 { \n\tborder-bottom-width:1px; \n\tborder-bottom-style:solid; \n\tpadding-top:50px; \n\tmargin-bottom:50px; \n} \n<\/style><div id=\"cmsms_row_69ef6c7029ec64_50809284\" class=\"cmsms_row cmsms_color_scheme_default\">\n<div class=\"cmsms_row_outer_parent\">\n<div class=\"cmsms_row_outer\">\n<div class=\"cmsms_row_inner\">\n<div class=\"cmsms_row_margin\">\n<div class=\"cmsms_column one_first\">\n<div class=\"aligncenter\">\n<div class=\"cmsms_img  cmsms_image_c\">\n<a href=\"http:\/\/greydogs.ee\/2015\/wp-content\/uploads\/2015\/12\/pilt3.jpg\"><img decoding=\"async\" src=\"https:\/\/greydogs.ee\/2015\/wp-content\/uploads\/2015\/12\/pilt3.jpg\" \/><\/a>\n<\/div>\n<\/div>\n<\/div>\n<\/div>\n<\/div>\n<\/div>\n<\/div>\n<\/div>\n<div id=\"cmsms_row_69ef6c702a4266_59344618\" class=\"cmsms_row cmsms_color_scheme_default\">\n<div class=\"cmsms_row_outer_parent\">\n<div class=\"cmsms_row_outer\">\n<div class=\"cmsms_row_inner\">\n<div class=\"cmsms_row_margin\">\n<div class=\"cmsms_column one_first\">\n\n<div id=\"cmsms_divider_69ef6c702a4743_43444089\" class=\"cmsms_divider cmsms_divider_width_long cmsms_divider_pos_center\"><\/div><div class=\"cmsms_text\">\n<p>Oleme viis aktiivset J\u00f5hvi noort \u2013 Gerli, Kadi, Liis, Maarja-Liisa ja Toomas, kes on k\u00e4ima l\u00fckanud projekti Loomade Heaks! Meie ettev\u00f5tmine sai alguse t\u00e4nu Eesti Energia algatatud noorte ettev\u00f5tlus programmile Entrum. Sealt saime me inspiratsiooni ning indu oma v\u00e4ikese unistuse elluviimiseks \u2013 aidata loomi.<\/p>\n<p>Oleme keskendunud Kohtla-J\u00e4rve loomade varjupaiga toetamisele ja reklaamimisele, nii saame aidata neid, kes ennast ise aidata ei saa. Loodame, et p\u00e4rast teavitust\u00f6\u00f6d koolides ning linnas, muutub tulevikus nende loomade arv, kes varjupaikka satuvad, v\u00e4iksemaks.<\/p>\n<\/div>\n<\/div>\n<\/div>\n<\/div>\n<\/div>\n<\/div>\n<\/div>\n\n","protected":false},"excerpt":{"rendered":"","protected":false},"author":1,"featured_media":0,"parent":0,"menu_order":0,"comment_status":"closed","ping_status":"closed","template":"","meta":{"footnotes":""},"class_list":["post-100035","page","type-page","status-publish","hentry"],"_links":{"self":[{"href":"https:\/\/greydogs.ee\/2015\/wp-json\/wp\/v2\/pages\/100035","targetHints":{"allow":["GET"]}}],"collection":[{"href":"https:\/\/greydogs.ee\/2015\/wp-json\/wp\/v2\/pages"}],"about":[{"href":"https:\/\/greydogs.ee\/2015\/wp-json\/wp\/v2\/types\/page"}],"author":[{"embeddable":true,"href":"https:\/\/greydogs.ee\/2015\/wp-json\/wp\/v2\/users\/1"}],"replies":[{"embeddable":true,"href":"https:\/\/greydogs.ee\/2015\/wp-json\/wp\/v2\/comments?post=100035"}],"version-history":[{"count":0,"href":"https:\/\/greydogs.ee\/2015\/wp-json\/wp\/v2\/pages\/100035\/revisions"}],"wp:attachment":[{"href":"https:\/\/greydogs.ee\/2015\/wp-json\/wp\/v2\/media?parent=100035"}],"curies":[{"name":"wp","href":"https:\/\/api.w.org\/{rel}","templated":true}]}}